{"id":1292,"date":"2021-10-28T14:02:27","date_gmt":"2021-10-28T12:02:27","guid":{"rendered":"https:\/\/solia-graphisme.com\/?page_id=1292"},"modified":"2022-07-13T11:42:35","modified_gmt":"2022-07-13T09:42:35","slug":"contact","status":"publish","type":"page","link":"https:\/\/solia-graphisme.com\/index.php\/contact\/","title":{"rendered":"Contact"},"content":{"rendered":"\n\n\t<section class=\"section\" id=\"section_1295825630\">\n\t\t<div class=\"section-bg fill\" >\n\t\t\t\t\t\t\t\t\t\n\t\t\t\n\n\t\t<\/div>\n\n\t\t\n\n\t\t<div class=\"section-content relative\">\n\t\t\t\n\n<div class=\"row\"  id=\"row-1769463939\">\n\n\n\t<div id=\"col-1324403921\" class=\"col small-12 large-12\"  >\n\t\t\t\t<div class=\"col-inner\"  >\n\t\t\t\n\t\t\t\n\n\t<div id=\"text-3944856562\" class=\"text\">\n\t\t\n\n<p>Vous avez des questions, ou vous avez un projet et vous voulez un devis ? N&#8217;h\u00e9sitez pas \u00e0 me contacter par mail ou par t\u00e9l\u00e9phone pour qu&#8217;on en parle !\u00a0<\/p>\n<p>Vous \u00eates proches de Montpellier ? Retrouvons nous autour d&#8217;un caf\u00e9 !<\/p>\n\t\t\n<style>\n#text-3944856562 {\n  font-size: 1.45rem;\n  line-height: 1.25;\n  text-align: center;\n}\n<\/style>\n\t<\/div>\n\t\n\n\t\t<\/div>\n\t\t\t\t\n<style>\n#col-1324403921 > .col-inner {\n  padding: 30px 30px 0px 30px;\n}\n<\/style>\n\t<\/div>\n\n\t\n\n<\/div>\n\t<div id=\"gap-658488377\" class=\"gap-element clearfix\" style=\"display:block; height:auto;\">\n\t\t\n<style>\n#gap-658488377 {\n  padding-top: 61px;\n}\n<\/style>\n\t<\/div>\n\t\n\n<div class=\"row align-middle align-center\"  id=\"row-992892888\">\n\n\n\t<div id=\"col-906217951\" class=\"col medium-12 small-12 large-6\"  data-animate=\"fadeInDown\">\n\t\t\t\t<div class=\"col-inner\"  >\n\t\t\t\n\t\t\t\n\n<div class=\"row\"  id=\"row-2089547780\">\n\n\n\t<div id=\"col-1927773706\" class=\"col medium-6 small-12 large-7\"  >\n\t\t\t\t<div class=\"col-inner\"  >\n\t\t\t\n\t\t\t\n\n\n  <div class=\"banner has-hover\" id=\"banner-1241156626\">\n          <div class=\"banner-inner fill\">\n        <div class=\"banner-bg fill\" >\n            <img loading=\"lazy\" decoding=\"async\" width=\"1020\" height=\"680\" src=\"https:\/\/solia-graphisme.com\/wp-content\/uploads\/2021\/10\/workspace-professional-office-creative-graphic-designer-desk-with-external-hdd-1024x683.jpg\" class=\"bg attachment-large size-large\" alt=\"\" \/>                                    \n                    <\/div>\n\t\t\n        <div class=\"banner-layers container\">\n            <div class=\"fill banner-link\"><\/div>            \n\n\n        <\/div>\n      <\/div>\n\n            \n<style>\n#banner-1241156626 {\n  padding-top: 99.99%;\n  background-color: rgba(0, 0, 0, 0);\n}\n@media (min-width:550px) {\n  #banner-1241156626 {\n    padding-top: 150%;\n  }\n}\n@media (min-width:850px) {\n  #banner-1241156626 {\n    padding-top: 117%;\n  }\n}\n<\/style>\n  <\/div>\n\n\n\n\t\t<\/div>\n\t\t\t\t\t<\/div>\n\n\t\n\n\t<div id=\"col-1703851756\" class=\"col medium-6 small-12 large-5\"  >\n\t\t\t\t<div class=\"col-inner\"  >\n\t\t\t\n\t\t\t\n\n\n  <div class=\"banner has-hover\" id=\"banner-1371425709\">\n          <div class=\"banner-inner fill\">\n        <div class=\"banner-bg fill\" >\n            <img loading=\"lazy\" decoding=\"async\" width=\"800\" height=\"640\" src=\"https:\/\/solia-graphisme.com\/wp-content\/uploads\/2021\/10\/dane-deaner-_-KLkj7on_c-unsplash.jpg\" class=\"bg attachment-large size-large\" alt=\"\" \/>                                    \n                    <\/div>\n\t\t\n        <div class=\"banner-layers container\">\n            <div class=\"fill banner-link\"><\/div>            \n\n\n        <\/div>\n      <\/div>\n\n            \n<style>\n#banner-1371425709 {\n  padding-top: 60%;\n  background-color: rgba(0, 0, 0, 0);\n}\n@media (min-width:550px) {\n  #banner-1371425709 {\n    padding-top: 76%;\n  }\n}\n@media (min-width:850px) {\n  #banner-1371425709 {\n    padding-top: 87%;\n  }\n}\n<\/style>\n  <\/div>\n\n\n\n\t\t<\/div>\n\t\t\t\t\t<\/div>\n\n\t\n\n<\/div>\n<div class=\"row align-right\"  id=\"row-1205364190\">\n\n\n\t<div id=\"col-1887976491\" class=\"col medium-7 small-12 large-7\"  >\n\t\t\t\t<div class=\"col-inner\"  >\n\t\t\t\n\t\t\t\n\n\n  <div class=\"banner has-hover\" id=\"banner-961559999\">\n          <div class=\"banner-inner fill\">\n        <div class=\"banner-bg fill\" >\n            <img loading=\"lazy\" decoding=\"async\" width=\"1020\" height=\"680\" src=\"https:\/\/solia-graphisme.com\/wp-content\/uploads\/2021\/10\/close-up-portrait-of-graphic-designer-hands-retouching-images-using-graphic-drawing-tablet-in-special-program-laptop-monitor-and-color-palette-retoucher-workplace-in-photo-studio-creative-agency-1024x683.jpg\" class=\"bg attachment-large size-large\" alt=\"\" \/>                                    \n                    <\/div>\n\t\t\n        <div class=\"banner-layers container\">\n            <div class=\"fill banner-link\"><\/div>            \n\n\n        <\/div>\n      <\/div>\n\n            \n<style>\n#banner-961559999 {\n  padding-top: 60%;\n  background-color: rgba(0, 0, 0, 0);\n}\n@media (min-width:550px) {\n  #banner-961559999 {\n    padding-top: 75%;\n  }\n}\n<\/style>\n  <\/div>\n\n\n\n\t\t<\/div>\n\t\t\t\t\n<style>\n#col-1887976491 > .col-inner {\n  margin: 0 0px 0px 0px;\n}\n@media (min-width:550px) {\n  #col-1887976491 > .col-inner {\n    margin: -290px 0px 0px 0px;\n  }\n}\n@media (min-width:850px) {\n  #col-1887976491 > .col-inner {\n    margin: -165px 0px 0px 0px;\n  }\n}\n<\/style>\n\t<\/div>\n\n\t\n\n<\/div>\n\n\t\t<\/div>\n\t\t\t\t\t<\/div>\n\n\t\n\n\t<div id=\"col-741378789\" class=\"col medium-12 small-12 large-6\"  data-animate=\"fadeInUp\">\n\t\t\t\t<div class=\"col-inner\"  >\n\t\t\t\n\t\t\t\n\n\t<div id=\"text-2321593054\" class=\"text\">\n\t\t\n\n<p class=\"alt-font\">contact<\/p>\n\t\t\n<style>\n#text-2321593054 {\n  font-size: 2.5rem;\n  line-height: 0.75;\n}\n<\/style>\n\t<\/div>\n\t\n<h6>SOLIA GRAPHISME<\/h6>\n<p>julie.vsaunier@gmail.com<br <br=\"\">07 69 13 32 44<\/p>\n<p>5 rue saint Come<br \/>\n34130 Candillargues<\/p>\n<div class=\"social-icons follow-icons\" style=\"font-size:80%\"><a target=\"_blank\" data-label=\"Facebook\" class=\"icon button circle is-outline tooltip facebook\" title=\"Follow on Facebook\" aria-label=\"Follow on Facebook\" rel=\"noopener nofollow\"><i class=\"icon-facebook\" aria-hidden=\"true\"><\/i><\/a><a target=\"_blank\" data-label=\"Instagram\" class=\"icon button circle is-outline tooltip instagram\" title=\"Follow on Instagram\" aria-label=\"Follow on Instagram\" rel=\"noopener nofollow\"><i class=\"icon-instagram\" aria-hidden=\"true\"><\/i><\/a><a data-label=\"LinkedIn\" target=\"_blank\" class=\"icon button circle is-outline tooltip linkedin\" title=\"Follow on LinkedIn\" aria-label=\"Follow on LinkedIn\" rel=\"noopener nofollow\"><i class=\"icon-linkedin\" aria-hidden=\"true\"><\/i><\/a><\/div>\n\n\t<div class=\"img has-hover x md-x lg-x y md-y lg-y\" id=\"image_692647427\">\n\t\t\t\t\t\t\t\t<div class=\"img-inner image-cover dark\" style=\"padding-top:132px;\">\n\t\t\t<img loading=\"lazy\" decoding=\"async\" width=\"600\" height=\"600\" src=\"https:\/\/solia-graphisme.com\/wp-content\/uploads\/2021\/11\/Plan-de-travail-7.png\" class=\"attachment-large size-large\" alt=\"\" srcset=\"https:\/\/solia-graphisme.com\/wp-content\/uploads\/2021\/11\/Plan-de-travail-7.png 600w, https:\/\/solia-graphisme.com\/wp-content\/uploads\/2021\/11\/Plan-de-travail-7-300x300.png 300w, https:\/\/solia-graphisme.com\/wp-content\/uploads\/2021\/11\/Plan-de-travail-7-150x150.png 150w\" sizes=\"auto, (max-width: 600px) 100vw, 600px\" \/>\t\t\t\t\t\t\n\t\t\t\t\t<\/div>\n\t\t\t\t\t\t\t\t\n<style>\n#image_692647427 {\n  width: 77%;\n}\n<\/style>\n\t<\/div>\n\t\n\n\n\t\t<\/div>\n\t\t\t\t\n<style>\n#col-741378789 > .col-inner {\n  padding: 0px 0 0px 0px;\n}\n@media (min-width:550px) {\n  #col-741378789 > .col-inner {\n    padding: 0px 10% 0px 0px;\n  }\n}\n@media (min-width:850px) {\n  #col-741378789 > .col-inner {\n    padding: 0px 0px 0px 15%;\n  }\n}\n<\/style>\n\t<\/div>\n\n\t\n\n<\/div>\n\n\t\t<\/div>\n\n\t\t\n<style>\n#section_1295825630 {\n  padding-top: 30px;\n  padding-bottom: 30px;\n}\n<\/style>\n\t<\/section>\n\t\n\n","protected":false},"excerpt":{"rendered":"","protected":false},"author":1,"featured_media":0,"parent":0,"menu_order":0,"comment_status":"closed","ping_status":"closed","template":"page-blank.php","meta":{"footnotes":""},"class_list":["post-1292","page","type-page","status-publish","hentry"],"yoast_head":"<!-- This site is optimized with the Yoast SEO plugin v25.9 - https:\/\/yoast.com\/wordpress\/plugins\/seo\/ -->\n<title>Contact - SOLIA GRAPHISME<\/title>\n<meta name=\"robots\" content=\"index, follow, max-snippet:-1, max-image-preview:large, max-video-preview:-1\" \/>\n<link rel=\"canonical\" href=\"https:\/\/solia-graphisme.com\/index.php\/contact\/\" \/>\n<meta property=\"og:locale\" content=\"en_US\" \/>\n<meta property=\"og:type\" content=\"article\" \/>\n<meta property=\"og:title\" content=\"Contact - SOLIA GRAPHISME\" \/>\n<meta property=\"og:url\" content=\"https:\/\/solia-graphisme.com\/index.php\/contact\/\" \/>\n<meta property=\"og:site_name\" content=\"SOLIA GRAPHISME\" \/>\n<meta property=\"article:publisher\" content=\"https:\/\/www.facebook.com\/soliagraphisme\" \/>\n<meta property=\"article:modified_time\" content=\"2022-07-13T09:42:35+00:00\" \/>\n<meta name=\"twitter:card\" content=\"summary_large_image\" \/>\n<meta name=\"twitter:label1\" content=\"Est. reading time\" \/>\n\t<meta name=\"twitter:data1\" content=\"1 minute\" \/>\n<script type=\"application\/ld+json\" class=\"yoast-schema-graph\">{\"@context\":\"https:\/\/schema.org\",\"@graph\":[{\"@type\":\"WebPage\",\"@id\":\"https:\/\/solia-graphisme.com\/index.php\/contact\/\",\"url\":\"https:\/\/solia-graphisme.com\/index.php\/contact\/\",\"name\":\"Contact - SOLIA GRAPHISME\",\"isPartOf\":{\"@id\":\"https:\/\/solia-graphisme.com\/#website\"},\"datePublished\":\"2021-10-28T12:02:27+00:00\",\"dateModified\":\"2022-07-13T09:42:35+00:00\",\"breadcrumb\":{\"@id\":\"https:\/\/solia-graphisme.com\/index.php\/contact\/#breadcrumb\"},\"inLanguage\":\"en-US\",\"potentialAction\":[{\"@type\":\"ReadAction\",\"target\":[\"https:\/\/solia-graphisme.com\/index.php\/contact\/\"]}]},{\"@type\":\"BreadcrumbList\",\"@id\":\"https:\/\/solia-graphisme.com\/index.php\/contact\/#breadcrumb\",\"itemListElement\":[{\"@type\":\"ListItem\",\"position\":1,\"name\":\"Accueil\",\"item\":\"https:\/\/solia-graphisme.com\/\"},{\"@type\":\"ListItem\",\"position\":2,\"name\":\"Contact\"}]},{\"@type\":\"WebSite\",\"@id\":\"https:\/\/solia-graphisme.com\/#website\",\"url\":\"https:\/\/solia-graphisme.com\/\",\"name\":\"SOLIA GRAPHISME\",\"description\":\"\",\"publisher\":{\"@id\":\"https:\/\/solia-graphisme.com\/#organization\"},\"potentialAction\":[{\"@type\":\"SearchAction\",\"target\":{\"@type\":\"EntryPoint\",\"urlTemplate\":\"https:\/\/solia-graphisme.com\/?s={search_term_string}\"},\"query-input\":{\"@type\":\"PropertyValueSpecification\",\"valueRequired\":true,\"valueName\":\"search_term_string\"}}],\"inLanguage\":\"en-US\"},{\"@type\":\"Organization\",\"@id\":\"https:\/\/solia-graphisme.com\/#organization\",\"name\":\"SOLIA Graphisme\",\"url\":\"https:\/\/solia-graphisme.com\/\",\"logo\":{\"@type\":\"ImageObject\",\"inLanguage\":\"en-US\",\"@id\":\"https:\/\/solia-graphisme.com\/#\/schema\/logo\/image\/\",\"url\":\"https:\/\/solia-graphisme.com\/wp-content\/uploads\/2021\/11\/Plan-de-travail-6-2.png\",\"contentUrl\":\"https:\/\/solia-graphisme.com\/wp-content\/uploads\/2021\/11\/Plan-de-travail-6-2.png\",\"width\":601,\"height\":600,\"caption\":\"SOLIA Graphisme\"},\"image\":{\"@id\":\"https:\/\/solia-graphisme.com\/#\/schema\/logo\/image\/\"},\"sameAs\":[\"https:\/\/www.facebook.com\/soliagraphisme\",\"https:\/\/www.instagram.com\/solia_graphisme\/\"]}]}<\/script>\n<!-- \/ Yoast SEO plugin. -->","yoast_head_json":{"title":"Contact - SOLIA GRAPHISME","robots":{"index":"index","follow":"follow","max-snippet":"max-snippet:-1","max-image-preview":"max-image-preview:large","max-video-preview":"max-video-preview:-1"},"canonical":"https:\/\/solia-graphisme.com\/index.php\/contact\/","og_locale":"en_US","og_type":"article","og_title":"Contact - SOLIA GRAPHISME","og_url":"https:\/\/solia-graphisme.com\/index.php\/contact\/","og_site_name":"SOLIA GRAPHISME","article_publisher":"https:\/\/www.facebook.com\/soliagraphisme","article_modified_time":"2022-07-13T09:42:35+00:00","twitter_card":"summary_large_image","twitter_misc":{"Est. reading time":"1 minute"},"schema":{"@context":"https:\/\/schema.org","@graph":[{"@type":"WebPage","@id":"https:\/\/solia-graphisme.com\/index.php\/contact\/","url":"https:\/\/solia-graphisme.com\/index.php\/contact\/","name":"Contact - SOLIA GRAPHISME","isPartOf":{"@id":"https:\/\/solia-graphisme.com\/#website"},"datePublished":"2021-10-28T12:02:27+00:00","dateModified":"2022-07-13T09:42:35+00:00","breadcrumb":{"@id":"https:\/\/solia-graphisme.com\/index.php\/contact\/#breadcrumb"},"inLanguage":"en-US","potentialAction":[{"@type":"ReadAction","target":["https:\/\/solia-graphisme.com\/index.php\/contact\/"]}]},{"@type":"BreadcrumbList","@id":"https:\/\/solia-graphisme.com\/index.php\/contact\/#breadcrumb","itemListElement":[{"@type":"ListItem","position":1,"name":"Accueil","item":"https:\/\/solia-graphisme.com\/"},{"@type":"ListItem","position":2,"name":"Contact"}]},{"@type":"WebSite","@id":"https:\/\/solia-graphisme.com\/#website","url":"https:\/\/solia-graphisme.com\/","name":"SOLIA GRAPHISME","description":"","publisher":{"@id":"https:\/\/solia-graphisme.com\/#organization"},"potentialAction":[{"@type":"SearchAction","target":{"@type":"EntryPoint","urlTemplate":"https:\/\/solia-graphisme.com\/?s={search_term_string}"},"query-input":{"@type":"PropertyValueSpecification","valueRequired":true,"valueName":"search_term_string"}}],"inLanguage":"en-US"},{"@type":"Organization","@id":"https:\/\/solia-graphisme.com\/#organization","name":"SOLIA Graphisme","url":"https:\/\/solia-graphisme.com\/","logo":{"@type":"ImageObject","inLanguage":"en-US","@id":"https:\/\/solia-graphisme.com\/#\/schema\/logo\/image\/","url":"https:\/\/solia-graphisme.com\/wp-content\/uploads\/2021\/11\/Plan-de-travail-6-2.png","contentUrl":"https:\/\/solia-graphisme.com\/wp-content\/uploads\/2021\/11\/Plan-de-travail-6-2.png","width":601,"height":600,"caption":"SOLIA Graphisme"},"image":{"@id":"https:\/\/solia-graphisme.com\/#\/schema\/logo\/image\/"},"sameAs":["https:\/\/www.facebook.com\/soliagraphisme","https:\/\/www.instagram.com\/solia_graphisme\/"]}]}},"_links":{"self":[{"href":"https:\/\/solia-graphisme.com\/index.php\/wp-json\/wp\/v2\/pages\/1292","targetHints":{"allow":["GET"]}}],"collection":[{"href":"https:\/\/solia-graphisme.com\/index.php\/wp-json\/wp\/v2\/pages"}],"about":[{"href":"https:\/\/solia-graphisme.com\/index.php\/wp-json\/wp\/v2\/types\/page"}],"author":[{"embeddable":true,"href":"https:\/\/solia-graphisme.com\/index.php\/wp-json\/wp\/v2\/users\/1"}],"replies":[{"embeddable":true,"href":"https:\/\/solia-graphisme.com\/index.php\/wp-json\/wp\/v2\/comments?post=1292"}],"version-history":[{"count":19,"href":"https:\/\/solia-graphisme.com\/index.php\/wp-json\/wp\/v2\/pages\/1292\/revisions"}],"predecessor-version":[{"id":1654,"href":"https:\/\/solia-graphisme.com\/index.php\/wp-json\/wp\/v2\/pages\/1292\/revisions\/1654"}],"wp:attachment":[{"href":"https:\/\/solia-graphisme.com\/index.php\/wp-json\/wp\/v2\/media?parent=1292"}],"curies":[{"name":"wp","href":"https:\/\/api.w.org\/{rel}","templated":true}]}}